{"id":3839,"date":"2020-04-30T19:20:58","date_gmt":"2020-04-30T19:20:58","guid":{"rendered":"https:\/\/laurent.qodeinteractive.com\/elementor\/?page_id=3839"},"modified":"2026-01-19T11:23:59","modified_gmt":"2026-01-19T11:23:59","slug":"bienvenida","status":"publish","type":"page","link":"https:\/\/lapizza.es\/en\/","title":{"rendered":"Welcome_ traditional contemporary italian cuisine in valencia"},"content":{"rendered":"<div data-elementor-type=\"wp-page\" data-elementor-id=\"3839\" class=\"elementor elementor-3839\">\n\t\t\t\t\t\t<section class=\"elementor-section elementor-top-section elementor-element elementor-element-1962867 eltdf-elementor-row-grid-section elementor-section-full_width elementor-section-height-default elementor-section-height-default eltdf-parallax-row-no eltdf-content-aligment-left eltdf-disabled-bg-image-bellow-no\" data-id=\"1962867\" data-element_type=\"section\" data-e-type=\"section\">\n\t\t\t\t\t\t<div class=\"elementor-container elementor-column-gap-default\">\n\t\t\t\t\t<div class=\"elementor-column elementor-col-100 elementor-top-column elementor-element elementor-element-850b0be\" data-id=\"850b0be\" data-element_type=\"column\" data-e-type=\"column\">\n\t\t\t<div class=\"elementor-widget-wrap elementor-element-populated\">\n\t\t\t\t\t\t<div class=\"elementor-element elementor-element-881e4aa elementor-widget-divider--view-line elementor-widget elementor-widget-divider\" data-id=\"881e4aa\" data-element_type=\"widget\" data-e-type=\"widget\" data-widget_type=\"divider.default\">\n\t\t\t\t<div class=\"elementor-widget-container\">\n\t\t\t\t\t\t\t<div class=\"elementor-divider\">\n\t\t\t<span class=\"elementor-divider-separator\">\n\t\t\t\t\t\t<\/span>\n\t\t<\/div>\n\t\t\t\t\t\t<\/div>\n\t\t\t\t<\/div>\n\t\t\t\t<div class=\"elementor-element elementor-element-0ab5118 elementor-widget elementor-widget-eltdf_section_title\" data-id=\"0ab5118\" data-element_type=\"widget\" data-e-type=\"widget\" data-widget_type=\"eltdf_section_title.default\">\n\t\t\t\t<div class=\"elementor-widget-container\">\n\t\t\t\t\t<div class=\"eltdf-section-title-holder    eltdf-st-decor-animation\" style=\"text-align: center\">\n\t<div class=\"eltdf-st-inner\">\n        \t\t            <div class=\"eltdf-st-title-holder\">\n                                    <div class=\"decor\"><svg xmlns=\"http:\/\/www.w3.org\/2000\/svg\" width=\"41.125\" height=\"9.146\">\n                            <path fill=\"none\" stroke=\"#9C7C57\" stroke-miterlimit=\"10\" d=\"M40.881 8.576L20.562.591.244 8.576\"\/>\n                            <path fill=\"none\" stroke=\"#9C7C57\" stroke-miterlimit=\"10\" d=\"M40.881.591L20.562 8.576.243.591\"\/>\n                        <\/svg><\/div>\n                                <h5 class=\"eltdf-st-title\" >\n                    welcome                <\/h5>\n                                    <div class=\"decor\"><svg xmlns=\"http:\/\/www.w3.org\/2000\/svg\" width=\"41.125\" height=\"9.146\">\n                            <path fill=\"none\" stroke=\"#9C7C57\" stroke-miterlimit=\"10\" d=\"M40.881 8.576L20.562.591.244 8.576\"\/>\n                            <path fill=\"none\" stroke=\"#9C7C57\" stroke-miterlimit=\"10\" d=\"M40.881.591L20.562 8.576.243.591\"\/>\n                        <\/svg><\/div>\n                            <\/div>\n\t\t\t\t\t\t\t<\/div>\n<\/div>\t\t\t\t<\/div>\n\t\t\t\t<\/div>\n\t\t\t\t<div class=\"elementor-element elementor-element-c2adb2c elementor-widget-divider--view-line_text elementor-widget-divider--element-align-center elementor-widget elementor-widget-divider\" data-id=\"c2adb2c\" data-element_type=\"widget\" data-e-type=\"widget\" data-widget_type=\"divider.default\">\n\t\t\t\t<div class=\"elementor-widget-container\">\n\t\t\t\t\t\t\t<div class=\"elementor-divider\">\n\t\t\t<span class=\"elementor-divider-separator\">\n\t\t\t\t\t\t\t<p class=\"elementor-divider__text elementor-divider__element\">\n\t\t\t\tChoose from our restaurants and enjoy the experience of authentic Italian food. Artisan pizza in Valencia, fresh pasta in Valencia and traditional contemporary Italian cuisine in Valencia.\t\t\t\t<\/p>\n\t\t\t\t\t\t<\/span>\n\t\t<\/div>\n\t\t\t\t\t\t<\/div>\n\t\t\t\t<\/div>\n\t\t\t\t\t<\/div>\n\t\t<\/div>\n\t\t\t\t\t<\/div>\n\t\t<\/section>\n\t\t\t\t<section class=\"elementor-section elementor-top-section elementor-element elementor-element-1d711ea eltdf-elementor-row-grid-section elementor-section-full_width elementor-section-height-min-height elementor-section-height-default elementor-section-items-middle eltdf-parallax-row-no eltdf-content-aligment-left eltdf-disabled-bg-image-bellow-no\" data-id=\"1d711ea\" data-element_type=\"section\" data-e-type=\"section\">\n\t\t\t\t\t\t<div class=\"elementor-container elementor-column-gap-custom\">\n\t\t\t\t\t<div class=\"elementor-column elementor-col-50 elementor-top-column elementor-element elementor-element-b8928fd\" data-id=\"b8928fd\" data-element_type=\"column\" data-e-type=\"column\">\n\t\t\t<div class=\"elementor-widget-wrap elementor-element-populated\">\n\t\t\t\t\t\t<div class=\"elementor-element elementor-element-b8b35bb elementor-widget elementor-widget-image\" data-id=\"b8b35bb\" data-element_type=\"widget\" data-e-type=\"widget\" data-widget_type=\"image.default\">\n\t\t\t\t<div class=\"elementor-widget-container\">\n\t\t\t\t\t\t\t\t\t\t\t\t<figure class=\"wp-caption\">\n\t\t\t\t\t\t\t\t\t\t\t<a href=\"https:\/\/lapizza.es\/en\/la-pizza\/\">\n\t\t\t\t\t\t\t<img decoding=\"async\" src=\"https:\/\/lapizza.es\/wp-content\/uploads\/2023\/06\/La-Pizza-Espacio-00.jpg\" title=\"La Pizza &#8211; Espacio 00\" alt=\"La Pizza - Espacio 00\" loading=\"lazy\" \/>\t\t\t\t\t\t\t\t<\/a>\n\t\t\t\t\t\t\t\t\t\t\t<figcaption class=\"widget-image-caption wp-caption-text\">THE PIZZA<\/figcaption>\n\t\t\t\t\t\t\t\t\t\t<\/figure>\n\t\t\t\t\t\t\t\t\t<\/div>\n\t\t\t\t<\/div>\n\t\t\t\t\t<\/div>\n\t\t<\/div>\n\t\t\t\t<div class=\"elementor-column elementor-col-50 elementor-top-column elementor-element elementor-element-2ff29e1\" data-id=\"2ff29e1\" data-element_type=\"column\" data-e-type=\"column\">\n\t\t\t<div class=\"elementor-widget-wrap elementor-element-populated\">\n\t\t\t\t\t\t<div class=\"elementor-element elementor-element-28e9e7c elementor-widget__width-initial elementor-widget elementor-widget-image\" data-id=\"28e9e7c\" data-element_type=\"widget\" data-e-type=\"widget\" data-widget_type=\"image.default\">\n\t\t\t\t<div class=\"elementor-widget-container\">\n\t\t\t\t\t\t\t\t\t\t\t\t<figure class=\"wp-caption\">\n\t\t\t\t\t\t\t\t\t\t\t<a href=\"https:\/\/lefavole.es\/\">\n\t\t\t\t\t\t\t<img fetchpriority=\"high\" decoding=\"async\" width=\"1024\" height=\"683\" src=\"https:\/\/lapizza.es\/wp-content\/uploads\/2024\/04\/le-favole-restaurante-comida-italiana-valencia-09-1024x683.jpg\" class=\"attachment-large size-large wp-image-33197\" alt=\"\" srcset=\"https:\/\/lapizza.es\/wp-content\/uploads\/2024\/04\/le-favole-restaurante-comida-italiana-valencia-09-1024x683.jpg 1024w, https:\/\/lapizza.es\/wp-content\/uploads\/2024\/04\/le-favole-restaurante-comida-italiana-valencia-09-300x200.jpg 300w, https:\/\/lapizza.es\/wp-content\/uploads\/2024\/04\/le-favole-restaurante-comida-italiana-valencia-09-768x512.jpg 768w, https:\/\/lapizza.es\/wp-content\/uploads\/2024\/04\/le-favole-restaurante-comida-italiana-valencia-09-1536x1024.jpg 1536w, https:\/\/lapizza.es\/wp-content\/uploads\/2024\/04\/le-favole-restaurante-comida-italiana-valencia-09-18x12.jpg 18w, https:\/\/lapizza.es\/wp-content\/uploads\/2024\/04\/le-favole-restaurante-comida-italiana-valencia-09.jpg 1920w\" sizes=\"(max-width: 1024px) 100vw, 1024px\" \/>\t\t\t\t\t\t\t\t<\/a>\n\t\t\t\t\t\t\t\t\t\t\t<figcaption class=\"widget-image-caption wp-caption-text\">LE FAVOLE<\/figcaption>\n\t\t\t\t\t\t\t\t\t\t<\/figure>\n\t\t\t\t\t\t\t\t\t<\/div>\n\t\t\t\t<\/div>\n\t\t\t\t\t<\/div>\n\t\t<\/div>\n\t\t\t\t\t<\/div>\n\t\t<\/section>\n\t\t\t\t<section class=\"elementor-section elementor-top-section elementor-element elementor-element-763b4da eltdf-elementor-row-grid-section elementor-section-full_width elementor-section-height-min-height elementor-section-height-default elementor-section-items-middle eltdf-parallax-row-no eltdf-content-aligment-left eltdf-disabled-bg-image-bellow-no\" data-id=\"763b4da\" data-element_type=\"section\" data-e-type=\"section\">\n\t\t\t\t\t\t<div class=\"elementor-container elementor-column-gap-custom\">\n\t\t\t\t\t<div class=\"elementor-column elementor-col-50 elementor-top-column elementor-element elementor-element-d85973f\" data-id=\"d85973f\" data-element_type=\"column\" data-e-type=\"column\">\n\t\t\t<div class=\"elementor-widget-wrap elementor-element-populated\">\n\t\t\t\t\t\t<div class=\"elementor-element elementor-element-7e8f55d elementor-widget__width-initial elementor-widget elementor-widget-heading\" data-id=\"7e8f55d\" data-element_type=\"widget\" data-e-type=\"widget\" data-widget_type=\"heading.default\">\n\t\t\t\t<div class=\"elementor-widget-container\">\n\t\t\t\t\t<h2 class=\"elementor-heading-title elementor-size-default\"><h2 class=\"elementor-heading-title elementor-size-default elementor-inline-editing pen\" data-elementor-setting-key=\"title\" data-pen-placeholder=\"Teclea aqu\u00ed...\" style=\"font-size: 30px\">Gift experiences<\/h2><\/h2>\t\t\t\t<\/div>\n\t\t\t\t<\/div>\n\t\t\t\t<div class=\"elementor-element elementor-element-61833ea elementor-widget elementor-widget-image\" data-id=\"61833ea\" data-element_type=\"widget\" data-e-type=\"widget\" data-widget_type=\"image.default\">\n\t\t\t\t<div class=\"elementor-widget-container\">\n\t\t\t\t\t\t\t\t\t\t\t\t\t\t\t<img decoding=\"async\" width=\"768\" height=\"1024\" src=\"https:\/\/lapizza.es\/wp-content\/uploads\/2024\/12\/WhatsApp-Image-2024-12-19-at-14.08.49-768x1024.jpeg\" class=\"attachment-large size-large wp-image-33305\" alt=\"\" srcset=\"https:\/\/lapizza.es\/wp-content\/uploads\/2024\/12\/WhatsApp-Image-2024-12-19-at-14.08.49-768x1024.jpeg 768w, https:\/\/lapizza.es\/wp-content\/uploads\/2024\/12\/WhatsApp-Image-2024-12-19-at-14.08.49-225x300.jpeg 225w, https:\/\/lapizza.es\/wp-content\/uploads\/2024\/12\/WhatsApp-Image-2024-12-19-at-14.08.49-1152x1536.jpeg 1152w, https:\/\/lapizza.es\/wp-content\/uploads\/2024\/12\/WhatsApp-Image-2024-12-19-at-14.08.49-9x12.jpeg 9w, https:\/\/lapizza.es\/wp-content\/uploads\/2024\/12\/WhatsApp-Image-2024-12-19-at-14.08.49.jpeg 1200w\" sizes=\"(max-width: 768px) 100vw, 768px\" \/>\t\t\t\t\t\t\t\t\t\t\t\t\t\t\t<\/div>\n\t\t\t\t<\/div>\n\t\t\t\t\t<\/div>\n\t\t<\/div>\n\t\t\t\t<div class=\"elementor-column elementor-col-50 elementor-top-column elementor-element elementor-element-3f9b0f1\" data-id=\"3f9b0f1\" data-element_type=\"column\" data-e-type=\"column\">\n\t\t\t<div class=\"elementor-widget-wrap elementor-element-populated\">\n\t\t\t\t\t\t<div class=\"elementor-element elementor-element-2687d69 elementor-widget elementor-widget-text-editor\" data-id=\"2687d69\" data-element_type=\"widget\" data-e-type=\"widget\" data-widget_type=\"text-editor.default\">\n\t\t\t\t<div class=\"elementor-widget-container\">\n\t\t\t\t\t\t\t\t\t<p>Don't know what to give? A gift card is the perfect choice! It is practical, easy to use and allows the person to have an unforgettable experience. Whether for a birthday, an anniversary or a special occasion, with our gift card, the gift is always just right.<\/p><p>Buy yours today and give the gift of a perfect experience.<\/p><p><strong>Make every occasion unforgettable!<\/strong><\/p>\t\t\t\t\t\t\t\t<\/div>\n\t\t\t\t<\/div>\n\t\t\t\t\t<\/div>\n\t\t<\/div>\n\t\t\t\t\t<\/div>\n\t\t<\/section>\n\t\t\t\t<section class=\"elementor-section elementor-top-section elementor-element elementor-element-0d84eb0 eltdf-elementor-row-grid-section elementor-section-full_width elementor-section-height-min-height elementor-section-height-default elementor-section-items-middle eltdf-parallax-row-no eltdf-content-aligment-left eltdf-disabled-bg-image-bellow-no\" data-id=\"0d84eb0\" data-element_type=\"section\" data-e-type=\"section\">\n\t\t\t\t\t\t<div class=\"elementor-container elementor-column-gap-custom\">\n\t\t\t\t\t<div class=\"elementor-column elementor-col-100 elementor-top-column elementor-element elementor-element-db09278\" data-id=\"db09278\" data-element_type=\"column\" data-e-type=\"column\">\n\t\t\t<div class=\"elementor-widget-wrap elementor-element-populated\">\n\t\t\t\t\t\t<div class=\"elementor-element elementor-element-d3e4ea4 elementor-widget elementor-widget-heading\" data-id=\"d3e4ea4\" data-element_type=\"widget\" data-e-type=\"widget\" data-widget_type=\"heading.default\">\n\t\t\t\t<div class=\"elementor-widget-container\">\n\t\t\t\t\t<h1 class=\"elementor-heading-title elementor-size-default\">La Pizza: Italian Restaurant in Valencia<\/h1>\t\t\t\t<\/div>\n\t\t\t\t<\/div>\n\t\t\t\t<div class=\"elementor-element elementor-element-bcaa044 elementor-widget__width-initial elementor-widget elementor-widget-text-editor\" data-id=\"bcaa044\" data-element_type=\"widget\" data-e-type=\"widget\" data-widget_type=\"text-editor.default\">\n\t\t\t\t<div class=\"elementor-widget-container\">\n\t\t\t\t\t\t\t\t\t<p><span style=\"background-color: #0b1315;\">Welcome to La Pizza, your ideal destination to enjoy authentic\u00a0<\/span><span style=\"background-color: #0b1315; font-weight: bold;\">traditional contemporary Italian cuisine in Valencia<\/span><span style=\"background-color: #0b1315;\">. Located in the heart of the city, we offer a unique culinary experience with our Italian specialities.<\/span><\/p>\t\t\t\t\t\t\t\t<\/div>\n\t\t\t\t<\/div>\n\t\t\t\t<div class=\"elementor-element elementor-element-41e3fbe elementor-widget elementor-widget-heading\" data-id=\"41e3fbe\" data-element_type=\"widget\" data-e-type=\"widget\" data-widget_type=\"heading.default\">\n\t\t\t\t<div class=\"elementor-widget-container\">\n\t\t\t\t\t<h2 class=\"elementor-heading-title elementor-size-default\">Our Speciality in Artisan Pizzas<\/h2>\t\t\t\t<\/div>\n\t\t\t\t<\/div>\n\t\t\t\t<div class=\"elementor-element elementor-element-b552a3a elementor-widget__width-initial elementor-widget elementor-widget-text-editor\" data-id=\"b552a3a\" data-element_type=\"widget\" data-e-type=\"widget\" data-widget_type=\"text-editor.default\">\n\t\t\t\t<div class=\"elementor-widget-container\">\n\t\t\t\t\t\t\t\t\t<p><span style=\"background-color: #0b1315;\">Discover our\u00a0<\/span><span style=\"background-color: #0b1315; font-weight: bold;\">artisan pizzas in Valencia<\/span><span style=\"background-color: #0b1315;\">made with fresh, high quality ingredients. Each pizza is a masterpiece that combines tradition and creativity to satisfy every palate.<\/span><\/p>\t\t\t\t\t\t\t\t<\/div>\n\t\t\t\t<\/div>\n\t\t\t\t<div class=\"elementor-element elementor-element-d92f298 elementor-widget__width-initial elementor-widget elementor-widget-heading\" data-id=\"d92f298\" data-element_type=\"widget\" data-e-type=\"widget\" data-widget_type=\"heading.default\">\n\t\t\t\t<div class=\"elementor-widget-container\">\n\t\t\t\t\t<h2 class=\"elementor-heading-title elementor-size-default\">fresh Italian pasta<\/h2>\t\t\t\t<\/div>\n\t\t\t\t<\/div>\n\t\t\t\t<div class=\"elementor-element elementor-element-25d5191 elementor-widget__width-initial elementor-widget elementor-widget-text-editor\" data-id=\"25d5191\" data-element_type=\"widget\" data-e-type=\"widget\" data-widget_type=\"text-editor.default\">\n\t\t\t\t<div class=\"elementor-widget-container\">\n\t\t\t\t\t\t\t\t\t<p>At La Pizza, we also specialise in offering\u00a0<b>fresh pasta in Valencia<\/b>. From spaghetti to fettuccine, all our pasta dishes are freshly prepared, ensuring authentic texture and taste.<\/p>\t\t\t\t\t\t\t\t<\/div>\n\t\t\t\t<\/div>\n\t\t\t\t<div class=\"elementor-element elementor-element-b4e4a5a elementor-widget__width-initial elementor-widget elementor-widget-heading\" data-id=\"b4e4a5a\" data-element_type=\"widget\" data-e-type=\"widget\" data-widget_type=\"heading.default\">\n\t\t\t\t<div class=\"elementor-widget-container\">\n\t\t\t\t\t<h2 class=\"elementor-heading-title elementor-size-default\">authentic Italian food<\/h2>\t\t\t\t<\/div>\n\t\t\t\t<\/div>\n\t\t\t\t<div class=\"elementor-element elementor-element-d452232 elementor-widget__width-initial elementor-widget elementor-widget-text-editor\" data-id=\"d452232\" data-element_type=\"widget\" data-e-type=\"widget\" data-widget_type=\"text-editor.default\">\n\t\t\t\t<div class=\"elementor-widget-container\">\n\t\t\t\t\t\t\t\t\t<p><span style=\"background-color: #0b1315;\">Explore our menu which includes from\u00a0<\/span><span style=\"background-color: #0b1315; font-weight: bold;\">artisan focaccia in Valencia<\/span><span style=\"background-color: #0b1315;\">\u00a0even delicious\u00a0<\/span><span style=\"background-color: #0b1315; font-weight: bold;\">homemade Italian desserts in Valencia<\/span><span style=\"background-color: #0b1315;\">perfect to round off your culinary experience in our restaurant.<\/span><\/p>\t\t\t\t\t\t\t\t<\/div>\n\t\t\t\t<\/div>\n\t\t\t\t<div class=\"elementor-element elementor-element-deba498 elementor-widget__width-initial elementor-widget elementor-widget-heading\" data-id=\"deba498\" data-element_type=\"widget\" data-e-type=\"widget\" data-widget_type=\"heading.default\">\n\t\t\t\t<div class=\"elementor-widget-container\">\n\t\t\t\t\t<h2 class=\"elementor-heading-title elementor-size-default\">full Italian experience<\/h2>\t\t\t\t<\/div>\n\t\t\t\t<\/div>\n\t\t\t\t<div class=\"elementor-element elementor-element-0b6c0dd elementor-widget__width-initial elementor-widget elementor-widget-text-editor\" data-id=\"0b6c0dd\" data-element_type=\"widget\" data-e-type=\"widget\" data-widget_type=\"text-editor.default\">\n\t\t\t\t<div class=\"elementor-widget-container\">\n\t\t\t\t\t\t\t\t\t<p style=\"background-color: #0b1315;\">Not only our cuisine is outstanding, but we also offer a select menu of\u00a0<span style=\"font-weight: bold;\">Italian and Spanish wines in Valencia<\/span>together with\u00a0<span style=\"font-weight: bold;\">premium cocktails in Valencia<\/span>\u00a0that will perfectly complement your dishes.<\/p>\t\t\t\t\t\t\t\t<\/div>\n\t\t\t\t<\/div>\n\t\t\t\t<div class=\"elementor-element elementor-element-377e745 elementor-widget__width-initial elementor-widget elementor-widget-heading\" data-id=\"377e745\" data-element_type=\"widget\" data-e-type=\"widget\" data-widget_type=\"heading.default\">\n\t\t\t\t<div class=\"elementor-widget-container\">\n\t\t\t\t\t<h2 class=\"elementor-heading-title elementor-size-default\">visit us at<\/h2>\t\t\t\t<\/div>\n\t\t\t\t<\/div>\n\t\t\t\t<div class=\"elementor-element elementor-element-83405ee elementor-widget elementor-widget-text-editor\" data-id=\"83405ee\" data-element_type=\"widget\" data-e-type=\"widget\" data-widget_type=\"text-editor.default\">\n\t\t\t\t<div class=\"elementor-widget-container\">\n\t\t\t\t\t\t\t\t\t<p style=\"background-color: #0b1315;\"><span style=\"background-color: rgb(11, 19, 21);\">We look forward to seeing you at Carrer d'En San\u00e7, 3, 46001, Valencia, Spain. For more information or bookings, please contact us on +34 963 945 841 or send an email to&nbsp;<\/span><a href=\"mailto:info@lapizza.es\" style=\"background-color: rgb(11, 19, 21);\">info@lapizza.es<\/a><span style=\"background-color: rgb(11, 19, 21);\">.<\/span><\/p>\t\t\t\t\t\t\t\t<\/div>\n\t\t\t\t<\/div>\n\t\t\t\t\t<\/div>\n\t\t<\/div>\n\t\t\t\t\t<\/div>\n\t\t<\/section>\n\t\t\t\t<\/div>","protected":false},"excerpt":{"rendered":"<p>bienvenidos Elige entre nuestros restaurantes y disfruta de la experiencia de la aut\u00e9ntica comida italiana. La pizza artesana en Valencia, pasta fresca en Valencia y cocina tradicional contempor\u00e1nea italiana en Valencia. LA PIZZA LE FAVOLE REgala experiencias \u00bfNo sabes qu\u00e9 regalar? \u00a1Una tarjeta regalo es la opci\u00f3n perfecta! Es pr\u00e1ctica, f\u00e1cil de usar y permite que la persona tenga una [&hellip;]<\/p>\n","protected":false},"author":1,"featured_media":0,"parent":0,"menu_order":0,"comment_status":"closed","ping_status":"closed","template":"full-width.php","meta":{"footnotes":""},"class_list":["post-3839","page","type-page","status-publish","hentry"],"_links":{"self":[{"href":"https:\/\/lapizza.es\/en\/wp-json\/wp\/v2\/pages\/3839","targetHints":{"allow":["GET"]}}],"collection":[{"href":"https:\/\/lapizza.es\/en\/wp-json\/wp\/v2\/pages"}],"about":[{"href":"https:\/\/lapizza.es\/en\/wp-json\/wp\/v2\/types\/page"}],"author":[{"embeddable":true,"href":"https:\/\/lapizza.es\/en\/wp-json\/wp\/v2\/users\/1"}],"replies":[{"embeddable":true,"href":"https:\/\/lapizza.es\/en\/wp-json\/wp\/v2\/comments?post=3839"}],"version-history":[{"count":92,"href":"https:\/\/lapizza.es\/en\/wp-json\/wp\/v2\/pages\/3839\/revisions"}],"predecessor-version":[{"id":33600,"href":"https:\/\/lapizza.es\/en\/wp-json\/wp\/v2\/pages\/3839\/revisions\/33600"}],"wp:attachment":[{"href":"https:\/\/lapizza.es\/en\/wp-json\/wp\/v2\/media?parent=3839"}],"curies":[{"name":"wp","href":"https:\/\/api.w.org\/{rel}","templated":true}]}}