{"id":5619,"date":"2022-02-15T10:06:57","date_gmt":"2022-02-15T10:06:57","guid":{"rendered":"https:\/\/lefavole.es\/site\/?page_id=5619"},"modified":"2025-08-12T17:41:46","modified_gmt":"2025-08-12T17:41:46","slug":"reservas2","status":"publish","type":"page","link":"https:\/\/lapizza.es\/en\/reservas2\/","title":{"rendered":"Bookings"},"content":{"rendered":"<div data-elementor-type=\"wp-page\" data-elementor-id=\"5619\" class=\"elementor elementor-5619\">\n\t\t\t\t\t\t<section class=\"elementor-section elementor-top-section elementor-element elementor-element-14d5ef5 eltdf-elementor-row-grid-section elementor-section-boxed elementor-section-height-default elementor-section-height-default eltdf-parallax-row-no eltdf-content-aligment-left eltdf-disabled-bg-image-bellow-no\" data-id=\"14d5ef5\" data-element_type=\"section\" data-e-type=\"section\">\n\t\t\t\t\t\t<div class=\"elementor-container elementor-column-gap-default\">\n\t\t\t\t\t<div class=\"elementor-column elementor-col-100 elementor-top-column elementor-element elementor-element-876c18f\" data-id=\"876c18f\" data-element_type=\"column\" data-e-type=\"column\">\n\t\t\t<div class=\"elementor-widget-wrap elementor-element-populated\">\n\t\t\t\t\t\t<div class=\"elementor-element elementor-element-72faa9c elementor-widget elementor-widget-eltdf_section_title\" data-id=\"72faa9c\" data-element_type=\"widget\" data-e-type=\"widget\" data-widget_type=\"eltdf_section_title.default\">\n\t\t\t\t<div class=\"elementor-widget-container\">\n\t\t\t\t\t<div class=\"eltdf-section-title-holder\" style=\"text-align: center\">\n\t<div class=\"eltdf-st-inner\">\n                    <span class=\"eltdf-st-tagline\">\n                Table for two?            <\/span>\n        \t\t            <div class=\"eltdf-st-title-holder\">\n                                    <div class=\"decor\"><svg xmlns=\"http:\/\/www.w3.org\/2000\/svg\" width=\"41.125\" height=\"9.146\">\n                            <path fill=\"none\" stroke=\"#9C7C57\" stroke-miterlimit=\"10\" d=\"M40.881 8.576L20.562.591.244 8.576\"\/>\n                            <path fill=\"none\" stroke=\"#9C7C57\" stroke-miterlimit=\"10\" d=\"M40.881.591L20.562 8.576.243.591\"\/>\n                        <\/svg><\/div>\n                                <h2 class=\"eltdf-st-title\" >\n                    RESERVE                <\/h2>\n                                    <div class=\"decor\"><svg xmlns=\"http:\/\/www.w3.org\/2000\/svg\" width=\"41.125\" height=\"9.146\">\n                            <path fill=\"none\" stroke=\"#9C7C57\" stroke-miterlimit=\"10\" d=\"M40.881 8.576L20.562.591.244 8.576\"\/>\n                            <path fill=\"none\" stroke=\"#9C7C57\" stroke-miterlimit=\"10\" d=\"M40.881.591L20.562 8.576.243.591\"\/>\n                        <\/svg><\/div>\n                            <\/div>\n\t\t\t\t\t\t\t<\/div>\n<\/div>\t\t\t\t<\/div>\n\t\t\t\t<\/div>\n\t\t\t\t<div class=\"elementor-element elementor-element-e184549 elementor-widget elementor-widget-text-editor\" data-id=\"e184549\" data-element_type=\"widget\" data-e-type=\"widget\" data-widget_type=\"text-editor.default\">\n\t\t\t\t<div class=\"elementor-widget-container\">\n\t\t\t\t\t\t\t\t\t<p style=\"text-align: center;\">For any incident regarding reservations, please contact the following telephone number _<br \/><a style=\"line-height: 36px;\" href=\"tel:+34963945841\">+34 <\/a><a href=\"tel:+34963945841\">963 945 841<\/a>\u00a0<\/p>\t\t\t\t\t\t\t\t<\/div>\n\t\t\t\t<\/div>\n\t\t\t\t<div class=\"elementor-element elementor-element-e21a443 elementor-widget elementor-widget-text-editor\" data-id=\"e21a443\" data-element_type=\"widget\" data-e-type=\"widget\" data-widget_type=\"text-editor.default\">\n\t\t\t\t<div class=\"elementor-widget-container\">\n\t\t\t\t\t\t\t\t\t<p style=\"text-align: center;\">From the time of your reservation you will have 15 minutes of courtesy. After this time your reservation will be at the restaurant's disposal. Please be punctual. We only accept reservations for lunch or dinner (minimum consumption of one dish per person), not for drinks only. In this case you will have to go directly to the restaurant. Thank you very much.\u00a0 \u00a0\u00a0<\/p>\t\t\t\t\t\t\t\t<\/div>\n\t\t\t\t<\/div>\n\t\t\t\t<section class=\"elementor-section elementor-inner-section elementor-element elementor-element-16ddea2 elementor-section-boxed elementor-section-height-default elementor-section-height-default eltdf-parallax-row-no eltdf-content-aligment-left eltdf-elementor-row-grid-no eltdf-disabled-bg-image-bellow-no\" data-id=\"16ddea2\" data-element_type=\"section\" data-e-type=\"section\">\n\t\t\t\t\t\t<div class=\"elementor-container elementor-column-gap-default\">\n\t\t\t\t\t<div class=\"elementor-column elementor-col-100 elementor-inner-column elementor-element elementor-element-75168e6\" data-id=\"75168e6\" data-element_type=\"column\" data-e-type=\"column\">\n\t\t\t<div class=\"elementor-widget-wrap\">\n\t\t\t\t\t\t\t<\/div>\n\t\t<\/div>\n\t\t\t\t\t<\/div>\n\t\t<\/section>\n\t\t\t\t<div class=\"elementor-element elementor-element-b724c3a elementor-widget elementor-widget-eltdf_tabs\" data-id=\"b724c3a\" data-element_type=\"widget\" data-e-type=\"widget\" data-widget_type=\"eltdf_tabs.default\">\n\t\t\t\t<div class=\"elementor-widget-container\">\n\t\t\t\t\t\n        <div class=\"eltdf-tabs  eltdf-tabs-standard\">\n            <ul class=\"eltdf-tabs-nav clearfix\">\n                                    <li>\n                                                    <a href=\"#tab-espanol\">English<\/a>\n                                            <\/li>\n                                    <li>\n                                                    <a href=\"#tab-english\">Espa\u00f1ol<\/a>\n                                            <\/li>\n                            <\/ul>\n\n            <div class=\"eltdf-tab-container\" id=\"tab-espanol-157\"><script type=\"text\/javascript\" src=\"https:\/\/www.covermanager.com\/js\/iframeResizer.min.js\"><\/script><iframe id=\"restaurante-lapizza-bylefavole\" title=\"Bookings\" src=\"https:\/\/www.covermanager.com\/reservation\/module_restaurant\/restaurante-lapizza-bylefavole\/spanish\" width=\"100%\" height=\"750\" frameborder=\"0\"><\/iframe><\/div><div class=\"eltdf-tab-container\" id=\"tab-english-381\">src=\"https:\/\/www.covermanager.com\/js\/iframeResizer.min.js\"&gt;<iframe id=\"restaurante-lapizza-bylefavole\" title=\"Bookings\" src=\"https:\/\/www.covermanager.com\/reservation\/module_restaurant\/restaurante-lapizza-bylefavole\/english\" width=\"100%\" height=\"750\" frameborder=\"0\"><\/iframe><\/div>\n        <\/div>\n        \t\t\t\t<\/div>\n\t\t\t\t<\/div>\n\t\t\t\t<div class=\"elementor-element elementor-element-19a2b7e elementor-widget elementor-widget-text-editor\" data-id=\"19a2b7e\" data-element_type=\"widget\" data-e-type=\"widget\" data-widget_type=\"text-editor.default\">\n\t\t\t\t<div class=\"elementor-widget-container\">\n\t\t\t\t\t\t\t\t\t<p style=\"text-align: center;\">If you are not available for the day you want to come, you can make a reservation in another of our restaurants _<\/p>\t\t\t\t\t\t\t\t<\/div>\n\t\t\t\t<\/div>\n\t\t\t\t<div class=\"elementor-element elementor-element-e3ab692 elementor-align-center elementor-widget elementor-widget-button\" data-id=\"e3ab692\" data-element_type=\"widget\" data-e-type=\"widget\" data-widget_type=\"button.default\">\n\t\t\t\t<div class=\"elementor-widget-container\">\n\t\t\t\t\t\t\t\t\t<div class=\"elementor-button-wrapper\">\n\t\t\t\t\t<a class=\"elementor-button elementor-button-link elementor-size-sm\" href=\"https:\/\/lefavole.es\/es\/reservas2\/\" target=\"_blank\">\n\t\t\t\t\t\t<span class=\"elementor-button-content-wrapper\">\n\t\t\t\t\t\t\t\t\t<span class=\"elementor-button-text\">Booking at Le Favole<\/span>\n\t\t\t\t\t<\/span>\n\t\t\t\t\t<\/a>\n\t\t\t\t<\/div>\n\t\t\t\t\t\t\t\t<\/div>\n\t\t\t\t<\/div>\n\t\t\t\t\t<\/div>\n\t\t<\/div>\n\t\t\t\t\t<\/div>\n\t\t<\/section>\n\t\t\t\t<\/div>","protected":false},"excerpt":{"rendered":"<p>\u00bfmesa para dos? RESERVA Para realizar las reservas pueden contactar con el tel\u00e9fono _+34 963 945 841\u00a0 Desde la hora de su reserva dispondr\u00e1 de 15 minutos de cortes\u00eda. Pasado este tiempo su reserva quedar\u00e1 a disposici\u00f3n del restaurante. Por favor, rogamos puntualidad. Solo aceptamos reservas para comer o cenar (consumo m\u00ednimo un plato por persona), no para consumo \u00fanico [&hellip;]<\/p>\n","protected":false},"author":1,"featured_media":0,"parent":0,"menu_order":0,"comment_status":"closed","ping_status":"closed","template":"","meta":{"footnotes":""},"class_list":["post-5619","page","type-page","status-publish","hentry"],"_links":{"self":[{"href":"https:\/\/lapizza.es\/en\/wp-json\/wp\/v2\/pages\/5619","targetHints":{"allow":["GET"]}}],"collection":[{"href":"https:\/\/lapizza.es\/en\/wp-json\/wp\/v2\/pages"}],"about":[{"href":"https:\/\/lapizza.es\/en\/wp-json\/wp\/v2\/types\/page"}],"author":[{"embeddable":true,"href":"https:\/\/lapizza.es\/en\/wp-json\/wp\/v2\/users\/1"}],"replies":[{"embeddable":true,"href":"https:\/\/lapizza.es\/en\/wp-json\/wp\/v2\/comments?post=5619"}],"version-history":[{"count":79,"href":"https:\/\/lapizza.es\/en\/wp-json\/wp\/v2\/pages\/5619\/revisions"}],"predecessor-version":[{"id":33135,"href":"https:\/\/lapizza.es\/en\/wp-json\/wp\/v2\/pages\/5619\/revisions\/33135"}],"wp:attachment":[{"href":"https:\/\/lapizza.es\/en\/wp-json\/wp\/v2\/media?parent=5619"}],"curies":[{"name":"wp","href":"https:\/\/api.w.org\/{rel}","templated":true}]}}