{"id":9190,"date":"2022-04-09T16:30:00","date_gmt":"2022-04-09T16:30:00","guid":{"rendered":"https:\/\/lefavole.es\/aviso-legal\/"},"modified":"2025-08-12T17:29:14","modified_gmt":"2025-08-12T17:29:14","slug":"aviso-legal","status":"publish","type":"page","link":"https:\/\/lapizza.es\/en\/aviso-legal\/","title":{"rendered":"Legal notice"},"content":{"rendered":"<h3>IDENTIFICATION DATA OF THE OWNER OF THE WEBSITE<\/h3>\n<p>In compliance with the duty to provide information stipulated in article 10 of Law 34\/2002 of 11 July 2002 on Information Society Services and Electronic Commerce, <strong><em>La Pizza by Le Favole S.L.<\/em><\/strong>with tax identification number B02859320, hereinafter referred to as <strong>Pizza<\/strong>as owner of the website <strong>lapizza.co.uk<\/strong>Carrer d'En San\u00e7, 3, postal code 46001, VALENCIA, e-mail address: Carrer d'En San\u00e7, 3, postal code 46001, VALENCIA, e-mail address: Carrer d'En San\u00e7, 3, postal code 46001. <a href=\"mailto:%69%6ef&#111;&#64;&#108;ap%69&#122;%7a%61.es\">info@lapizza.es<\/a> and telephone 963 945 841, proceeds to communicate the present information that conforms and regulates the conditions of use in this page, the limitations of responsibility and the obligations that the users of the web site that is published under the domain name <strong><i>lapizza.co.uk<\/i><\/strong>and undertake to respect.<\/p>\n<h3>CONDITIONS OF USE<\/h3>\n<p>The use of <strong>lapizza.co.uk<\/strong> grants the status of <strong>User<\/strong> from <strong>lapizza.co.uk<\/strong>The use of this website, whether you are an individual or a legal entity, implies the complete, full and unreserved acceptance of each and every one of the clauses and general conditions included in the Legal Notice. If the <strong>User<\/strong> does not agree with the clauses and conditions of use of this Legal Notice, you shall refrain from using <strong>lapizza.co.uk<\/strong>. This Legal Notice is subject to changes and updates and therefore the version published by <strong>Pizza<\/strong> may be different at each point in time when the <strong>User<\/strong> access the Portal. Therefore, the <strong>User<\/strong> you should read the Legal Notice each and every time you access the <strong>lapizza.co.uk<\/strong>.<\/p>\n\n<p>Through <strong>lapizza.co.uk<\/strong>, <strong>Pizza<\/strong><b> <\/b>facilitates the <strong>User<\/strong> access to and use of various Content published through the Internet by <strong>Pizza<\/strong> or by authorised third parties.<\/p>\n\n<p>The <strong>User<\/strong> is obliged and undertakes to use <strong>lapizza.co.uk<\/strong> and the Contents in accordance with current legislation, the Legal Notice, and any other notices or instructions brought to your attention, whether by means of this legal notice or elsewhere within the Contents that comprise <strong>lapizza.co.uk<\/strong>The Commission shall ensure that the rules of coexistence, morality and generally accepted good customs are respected. To this end, the <strong>User<\/strong> agrees and undertakes NOT to use any of the Contents for illicit purposes or effects, prohibited in the Legal Notice or by current legislation, harmful to the rights and interests of third parties, or which in any way may damage, render useless, overload, deteriorate or prevent the normal use of the Contents, computer equipment or documents, files and all types of content stored in any computer equipment owned or contracted by <strong>Pizza<\/strong>of another <strong>USER<\/strong> or any Internet user (hardware and software).<\/p>\n\n<p>The <strong>User<\/strong> undertakes and undertakes not to transmit, disseminate or make available to third parties any kind of material contained in <strong>lapizza.co.uk<\/strong>such as information, text, data, content, messages, graphics, drawings, sound and\/or image files, photographs, recordings, software, logos, trademarks, icons, technology, photographs, software, links, graphic design and source codes, or any other material to which you have access in your capacity as <strong>User<\/strong> from <strong>lapizza.co.uk<\/strong>This list is not exhaustive. Furthermore, in accordance with the above, the <strong>User<\/strong> may not:<\/p>\n<ul>\n<li>Reproduce, copy, distribute, make available or in any other way publicly communicate, transform or modify the Contents, unless explicit written authorisation has been given in writing by <strong>Pizza<\/strong>The user is the owner of the corresponding rights, or is legally permitted to do so.<\/li>\n<li>Delete, manipulate or in any way alter the copyright and other identifying data of the reservation of rights of <strong>Pizza<\/strong> or their owners, fingerprints and\/or digital identifiers, watermarks, or any other technical means established for their recognition.<\/li>\n<\/ul>\n<p>The <strong>User<\/strong> shall refrain from obtaining or even attempting to obtain the Contents by any means or procedures other than those which, as the case may be, have been made available for this purpose or have been indicated for this purpose on the web pages where the Contents are located or, in general, those which are commonly used on the Internet for this purpose, provided that they do not entail a risk of damage or disablement of <strong>lapizza.co.uk<\/strong>and\/or of the Contents.<\/p>\n<h3>INTELLECTUAL PROPERTY<\/h3>\n<p>All trademarks, trade names or logos of any kind appearing on the site are the property of their respective owners. <strong>lapizza.co.uk<\/strong> are the property of <strong>Pizza<\/strong> or, where appropriate, of their respective owners, without it being understood that the use or access to the Portal and\/or to the Contents attributes to the <strong>User<\/strong> any rights over the aforementioned trademarks, trade names and\/or distinctive signs, and they may not be understood to have been assigned to the <strong>User<\/strong>The Content is the intellectual property of the Site, and none of the exploitation rights that exist or may exist over said Content. Likewise, the Contents are the intellectual property of <strong>Pizza<\/strong>or of third parties where appropriate, therefore, the Intellectual Property rights are owned by <strong>Pizza<\/strong> or third parties who have authorised its use, who have the exclusive rights to exploit the same in any form and, in particular, the rights of reproduction, distribution, public communication and transformation. The unauthorised use of the information contained on this website, as well as any breach of the intellectual or industrial property rights of <strong>Pizza<\/strong> or third parties included in <strong>lapizza.co.uk<\/strong> who have transferred content will give rise to the legally established responsibilities.<\/p>\n<h3>AVAILABILITY OF LAPIZZA.ES<\/h3>\n<p><strong>Pizza<\/strong> does not guarantee that there will be no interruptions or errors in the access to <strong>lapizza.co.uk<\/strong>The website does not guarantee that its contents are up to date, although it will make its best efforts to avoid them, correct them or update them, if necessary. Consequently, <strong>Pizza<\/strong> shall not be liable for any damages of any kind caused in the <strong>User<\/strong> caused by faults or disconnections in the telecommunications networks that lead to the suspension, cancellation or interruption of the service of the portal during the provision of the same or beforehand.<\/p>\n\n<p><strong>Pizza<\/strong> excludes, with the exceptions contemplated in current legislation, any liability for damages of any kind that may be due to the lack of availability, continuity or quality of the functioning of <strong>lapizza.co.uk<\/strong> and of the Contents, to the non-fulfilment of the expectation of usefulness that the <strong>USER<\/strong> could have attributed to <strong>lapizza.co.uk<\/strong> and Content.<\/p>\n\n<p>The function of the Hyperlinks that appear on this website is exclusively to inform the user about the <strong>User<\/strong> about the existence of other websites containing information on the subject. These hyperlinks do not constitute any suggestion or recommendation.<\/p>\n\n<p><strong>Pizza<\/strong> is not responsible for the contents of these linked pages, the operation or usefulness of the hyperlinks or the results of these links, nor does it guarantee the absence of viruses or other elements in them that may cause alterations in the computer system (hardware and software), documents or files of the <strong>User<\/strong>excluding any liability for damage of any kind caused to the <strong>User<\/strong> for this reason.<\/p>\n\n<p>Access to <strong>lapizza.co.uk<\/strong> does not entail an obligation on the part of <strong>Pizza<\/strong> to check for the absence of viruses, worms or any other harmful computer element. It is the responsibility of the <strong>User<\/strong>In any case, the availability of appropriate tools for the detection and disinfection of malicious software, therefore, <strong>Pizza<\/strong> is not responsible for any possible security errors that may occur during the provision of the service. <strong>lapizza.co.uk<\/strong>The Commission shall not be liable for any damage that may be caused to the computer system of the <strong>User<\/strong> or third parties (hardware and software), the files or documents stored therein, as a result of the presence of viruses on the computer of the <strong>User<\/strong> used to connect to the services and contents of the Web, a malfunction of the browser or the use of non-updated versions of the same.<\/p>\n\n<p>The provision of the service of <strong>lapizza.co.uk<\/strong> and of the Contents is, in principle, of indefinite duration. <strong>Pizza<\/strong>However, it is authorised to terminate or suspend the provision of the service by <strong>lapizza.co.uk<\/strong> and\/or any of the Content at any time. Where reasonably possible, <strong>Pizza<\/strong> shall give prior notice of termination or suspension of <strong>lapizza.co.uk<\/strong>.<\/p>\n<h3>QUALITY OF LAPIZZA.ES<\/h3>\n<p>Given the dynamic and changing environment of the information and services provided by means of <strong>lapizza.co.uk<\/strong>, <strong>Pizza<\/strong> makes its best effort, but does not guarantee the complete truthfulness, accuracy, reliability, usefulness and\/or timeliness of the Content. The information contained in the pages that make up this Portal is for informational, advisory, informative and advertising purposes only. Under no circumstances does it offer or have the character of a binding or contractual commitment.<\/p>\n<h3>LIMITATION OF LIABILITY<\/h3>\n<p><strong>Pizza<\/strong> excludes any liability for decisions taken by the <strong>User<\/strong> may make based on this information, as well as for any typographical errors that may be contained in the documents and graphics on this website. <strong>lapizza.co.uk<\/strong>. The information is subject to possible periodic changes without prior notice of its content due to expansion, improvement, correction or updating of the Contents.<\/p>\n<h3>NOTIFICATIONS<\/h3>\n<p>All notifications and communications by <strong>Pizza<\/strong> at <strong>User<\/strong> made by any means whatsoever shall be deemed effective for all purposes.<\/p>\n<h3>JURISDICTION<\/h3>\n<p>For any questions that may arise regarding the interpretation, application and fulfilment of this Legal Notice, as well as any claims that may arise from its use, all the parties involved submit themselves to the Courts and Tribunals of the province of VALENCIA, expressly waiving any other jurisdiction that may correspond to them.<\/p>\n<h3>APPLICABLE LAW<\/h3>\n<p>This Legal Notice is governed by the Spanish legislation in force.<\/p>","protected":false},"excerpt":{"rendered":"","protected":false},"author":1,"featured_media":0,"parent":0,"menu_order":0,"comment_status":"closed","ping_status":"closed","template":"","meta":{"footnotes":""},"class_list":["post-9190","page","type-page","status-publish","hentry"],"_links":{"self":[{"href":"https:\/\/lapizza.es\/en\/wp-json\/wp\/v2\/pages\/9190","targetHints":{"allow":["GET"]}}],"collection":[{"href":"https:\/\/lapizza.es\/en\/wp-json\/wp\/v2\/pages"}],"about":[{"href":"https:\/\/lapizza.es\/en\/wp-json\/wp\/v2\/types\/page"}],"author":[{"embeddable":true,"href":"https:\/\/lapizza.es\/en\/wp-json\/wp\/v2\/users\/1"}],"replies":[{"embeddable":true,"href":"https:\/\/lapizza.es\/en\/wp-json\/wp\/v2\/comments?post=9190"}],"version-history":[{"count":1,"href":"https:\/\/lapizza.es\/en\/wp-json\/wp\/v2\/pages\/9190\/revisions"}],"predecessor-version":[{"id":33481,"href":"https:\/\/lapizza.es\/en\/wp-json\/wp\/v2\/pages\/9190\/revisions\/33481"}],"wp:attachment":[{"href":"https:\/\/lapizza.es\/en\/wp-json\/wp\/v2\/media?parent=9190"}],"curies":[{"name":"wp","href":"https:\/\/api.w.org\/{rel}","templated":true}]}}