{"id":3337,"date":"2020-04-27T17:30:51","date_gmt":"2020-04-27T17:30:51","guid":{"rendered":"https:\/\/laurent.qodeinteractive.com\/elementor\/?page_id=3337"},"modified":"2025-08-12T17:42:31","modified_gmt":"2025-08-12T17:42:31","slug":"trabaja-con-nosotros","status":"publish","type":"page","link":"https:\/\/lapizza.es\/es\/trabaja-con-nosotros\/","title":{"rendered":"trabaja con nosotros"},"content":{"rendered":"\t\t<div data-elementor-type=\"wp-page\" data-elementor-id=\"3337\" class=\"elementor elementor-3337\">\n\t\t\t\t\t\t<section class=\"elementor-section elementor-top-section elementor-element elementor-element-e2e1389 eltdf-elementor-row-grid-section elementor-section-boxed elementor-section-height-default elementor-section-height-default eltdf-parallax-row-no eltdf-content-aligment-left eltdf-disabled-bg-image-bellow-no\" data-id=\"e2e1389\" data-element_type=\"section\" data-e-type=\"section\">\n\t\t\t\t\t\t<div class=\"elementor-container elementor-column-gap-default\">\n\t\t\t\t\t<div class=\"elementor-column elementor-col-33 elementor-top-column elementor-element elementor-element-9849d62\" data-id=\"9849d62\" data-element_type=\"column\" data-e-type=\"column\">\n\t\t\t<div class=\"elementor-widget-wrap elementor-element-populated\">\n\t\t\t\t\t\t<div class=\"elementor-element elementor-element-5e160aa elementor-widget elementor-widget-eltdf_section_title\" data-id=\"5e160aa\" data-element_type=\"widget\" data-e-type=\"widget\" data-widget_type=\"eltdf_section_title.default\">\n\t\t\t\t<div class=\"elementor-widget-container\">\n\t\t\t\t\t<div class=\"eltdf-section-title-holder    eltdf-st-decor-animation\" style=\"text-align: center\">\n\t<div class=\"eltdf-st-inner\">\n        \t\t            <div class=\"eltdf-st-title-holder\">\n                                    <div class=\"decor\"><svg xmlns=\"http:\/\/www.w3.org\/2000\/svg\" width=\"41.125\" height=\"9.146\">\n                            <path fill=\"none\" stroke=\"#9C7C57\" stroke-miterlimit=\"10\" d=\"M40.881 8.576L20.562.591.244 8.576\"\/>\n                            <path fill=\"none\" stroke=\"#9C7C57\" stroke-miterlimit=\"10\" d=\"M40.881.591L20.562 8.576.243.591\"\/>\n                        <\/svg><\/div>\n                                <h2 class=\"eltdf-st-title\" >\n                    trabaja con nosotros                <\/h2>\n                                    <div class=\"decor\"><svg xmlns=\"http:\/\/www.w3.org\/2000\/svg\" width=\"41.125\" height=\"9.146\">\n                            <path fill=\"none\" stroke=\"#9C7C57\" stroke-miterlimit=\"10\" d=\"M40.881 8.576L20.562.591.244 8.576\"\/>\n                            <path fill=\"none\" stroke=\"#9C7C57\" stroke-miterlimit=\"10\" d=\"M40.881.591L20.562 8.576.243.591\"\/>\n                        <\/svg><\/div>\n                            <\/div>\n\t\t\t\t\t\t\t<p class=\"eltdf-st-text\" >\n\t\t\t\tEn un ambiente agradable, con buenos compa\u00f1eros, en un un restaurante de dise\u00f1o con alta calidad en su cocina.\t\t\t<\/p>\n\t\t\t\t\t<\/div>\n<\/div>\t\t\t\t<\/div>\n\t\t\t\t<\/div>\n\t\t\t\t<div class=\"elementor-element elementor-element-158bfbf elementor-widget elementor-widget-text-editor\" data-id=\"158bfbf\" data-element_type=\"widget\" data-e-type=\"widget\" data-widget_type=\"text-editor.default\">\n\t\t\t\t<div class=\"elementor-widget-container\">\n\t\t\t\t\t\t\t\t\t<div class=\"wpb_text_column wpb_content_element \"><div class=\"wpb_wrapper\"><p style=\"text-align: center;\">Si te apetece trabajar con nosotros env\u00edanos tu curr\u00edculum a\u00a0<a href=\"mailto:info@lapizza.es\">info@lapizza.es<\/a><\/p><\/div><\/div>\t\t\t\t\t\t\t\t<\/div>\n\t\t\t\t<\/div>\n\t\t\t\t\t<\/div>\n\t\t<\/div>\n\t\t\t\t<div class=\"elementor-column elementor-col-33 elementor-top-column elementor-element elementor-element-bde8538\" data-id=\"bde8538\" data-element_type=\"column\" data-e-type=\"column\">\n\t\t\t<div class=\"elementor-widget-wrap elementor-element-populated\">\n\t\t\t\t\t\t<div class=\"elementor-element elementor-element-0707a7e elementor-widget__width-auto elementor-widget elementor-widget-eltdf_single_image\" data-id=\"0707a7e\" data-element_type=\"widget\" data-e-type=\"widget\" data-widget_type=\"eltdf_single_image.default\">\n\t\t\t\t<div class=\"elementor-widget-container\">\n\t\t\t\t\t<div class=\"eltdf-single-image-holder     \">\n    <div class=\"eltdf-si-inner\" >\n                                                        <img decoding=\"async\" width=\"150\" height=\"150\" src=\"https:\/\/lapizza.es\/wp-content\/uploads\/2023\/05\/1-150x150.png\" class=\"attachment-thumbnail size-thumbnail\" alt=\"\" srcset=\"https:\/\/lapizza.es\/wp-content\/uploads\/2023\/05\/1-150x150.png 150w, https:\/\/lapizza.es\/wp-content\/uploads\/2023\/05\/1-12x12.png 12w, https:\/\/lapizza.es\/wp-content\/uploads\/2023\/05\/1.png 273w\" sizes=\"(max-width: 150px) 100vw, 150px\" \/>                                                <\/div>\n<\/div>\t\t\t\t<\/div>\n\t\t\t\t<\/div>\n\t\t\t\t\t<\/div>\n\t\t<\/div>\n\t\t\t\t<div class=\"elementor-column elementor-col-33 elementor-top-column elementor-element elementor-element-b214a92\" data-id=\"b214a92\" data-element_type=\"column\" data-e-type=\"column\">\n\t\t\t<div class=\"elementor-widget-wrap elementor-element-populated\">\n\t\t\t\t\t\t<div class=\"elementor-element elementor-element-bbacb30 elementor-widget__width-initial elementor-invisible elementor-widget elementor-widget-image\" data-id=\"bbacb30\" data-element_type=\"widget\" data-e-type=\"widget\" data-settings=\"{&quot;_animation&quot;:&quot;fadeIn&quot;}\" data-widget_type=\"image.default\">\n\t\t\t\t<div class=\"elementor-widget-container\">\n\t\t\t\t\t\t\t\t\t\t\t\t\t\t\t<img fetchpriority=\"high\" decoding=\"async\" width=\"768\" height=\"1024\" src=\"https:\/\/lapizza.es\/wp-content\/uploads\/2023\/05\/trabaja-768x1024.jpg\" class=\"attachment-large size-large wp-image-32596\" alt=\"\" srcset=\"https:\/\/lapizza.es\/wp-content\/uploads\/2023\/05\/trabaja-768x1024.jpg 768w, https:\/\/lapizza.es\/wp-content\/uploads\/2023\/05\/trabaja-225x300.jpg 225w, https:\/\/lapizza.es\/wp-content\/uploads\/2023\/05\/trabaja-9x12.jpg 9w, https:\/\/lapizza.es\/wp-content\/uploads\/2023\/05\/trabaja.jpg 1000w\" sizes=\"(max-width: 768px) 100vw, 768px\" \/>\t\t\t\t\t\t\t\t\t\t\t\t\t\t\t<\/div>\n\t\t\t\t<\/div>\n\t\t\t\t\t<\/div>\n\t\t<\/div>\n\t\t\t\t\t<\/div>\n\t\t<\/section>\n\t\t\t\t<\/div>\n\t\t","protected":false},"excerpt":{"rendered":"<p>trabaja con nosotros En un ambiente agradable, con buenos compa\u00f1eros, en un un restaurante de dise\u00f1o con alta calidad en su cocina. Si te apetece trabajar con nosotros env\u00edanos tu curr\u00edculum a\u00a0info@lapizza.es<\/p>\n","protected":false},"author":1,"featured_media":0,"parent":0,"menu_order":0,"comment_status":"closed","ping_status":"closed","template":"full-width.php","meta":{"footnotes":""},"class_list":["post-3337","page","type-page","status-publish","hentry"],"_links":{"self":[{"href":"https:\/\/lapizza.es\/es\/wp-json\/wp\/v2\/pages\/3337","targetHints":{"allow":["GET"]}}],"collection":[{"href":"https:\/\/lapizza.es\/es\/wp-json\/wp\/v2\/pages"}],"about":[{"href":"https:\/\/lapizza.es\/es\/wp-json\/wp\/v2\/types\/page"}],"author":[{"embeddable":true,"href":"https:\/\/lapizza.es\/es\/wp-json\/wp\/v2\/users\/1"}],"replies":[{"embeddable":true,"href":"https:\/\/lapizza.es\/es\/wp-json\/wp\/v2\/comments?post=3337"}],"version-history":[{"count":30,"href":"https:\/\/lapizza.es\/es\/wp-json\/wp\/v2\/pages\/3337\/revisions"}],"predecessor-version":[{"id":32599,"href":"https:\/\/lapizza.es\/es\/wp-json\/wp\/v2\/pages\/3337\/revisions\/32599"}],"wp:attachment":[{"href":"https:\/\/lapizza.es\/es\/wp-json\/wp\/v2\/media?parent=3337"}],"curies":[{"name":"wp","href":"https:\/\/api.w.org\/{rel}","templated":true}]}}