{"id":3839,"date":"2020-04-30T19:20:58","date_gmt":"2020-04-30T19:20:58","guid":{"rendered":"https:\/\/laurent.qodeinteractive.com\/elementor\/?page_id=3839"},"modified":"2026-01-19T11:23:59","modified_gmt":"2026-01-19T11:23:59","slug":"bienvenida","status":"publish","type":"page","link":"https:\/\/lapizza.es\/es\/","title":{"rendered":"Bienvenida_ cocina tradicional contempor\u00e1nea italiana en valencia"},"content":{"rendered":"\t\t<div data-elementor-type=\"wp-page\" data-elementor-id=\"3839\" class=\"elementor elementor-3839\">\n\t\t\t\t\t\t<section class=\"elementor-section elementor-top-section elementor-element elementor-element-1962867 eltdf-elementor-row-grid-section elementor-section-full_width elementor-section-height-default elementor-section-height-default eltdf-parallax-row-no eltdf-content-aligment-left eltdf-disabled-bg-image-bellow-no\" data-id=\"1962867\" data-element_type=\"section\" data-e-type=\"section\">\n\t\t\t\t\t\t<div class=\"elementor-container elementor-column-gap-default\">\n\t\t\t\t\t<div class=\"elementor-column elementor-col-100 elementor-top-column elementor-element elementor-element-850b0be\" data-id=\"850b0be\" data-element_type=\"column\" data-e-type=\"column\">\n\t\t\t<div class=\"elementor-widget-wrap elementor-element-populated\">\n\t\t\t\t\t\t<div class=\"elementor-element elementor-element-881e4aa elementor-widget-divider--view-line elementor-widget elementor-widget-divider\" data-id=\"881e4aa\" data-element_type=\"widget\" data-e-type=\"widget\" data-widget_type=\"divider.default\">\n\t\t\t\t<div class=\"elementor-widget-container\">\n\t\t\t\t\t\t\t<div class=\"elementor-divider\">\n\t\t\t<span class=\"elementor-divider-separator\">\n\t\t\t\t\t\t<\/span>\n\t\t<\/div>\n\t\t\t\t\t\t<\/div>\n\t\t\t\t<\/div>\n\t\t\t\t<div class=\"elementor-element elementor-element-0ab5118 elementor-widget elementor-widget-eltdf_section_title\" data-id=\"0ab5118\" data-element_type=\"widget\" data-e-type=\"widget\" data-widget_type=\"eltdf_section_title.default\">\n\t\t\t\t<div class=\"elementor-widget-container\">\n\t\t\t\t\t<div class=\"eltdf-section-title-holder    eltdf-st-decor-animation\" style=\"text-align: center\">\n\t<div class=\"eltdf-st-inner\">\n        \t\t            <div class=\"eltdf-st-title-holder\">\n                                    <div class=\"decor\"><svg xmlns=\"http:\/\/www.w3.org\/2000\/svg\" width=\"41.125\" height=\"9.146\">\n                            <path fill=\"none\" stroke=\"#9C7C57\" stroke-miterlimit=\"10\" d=\"M40.881 8.576L20.562.591.244 8.576\"\/>\n                            <path fill=\"none\" stroke=\"#9C7C57\" stroke-miterlimit=\"10\" d=\"M40.881.591L20.562 8.576.243.591\"\/>\n                        <\/svg><\/div>\n                                <h5 class=\"eltdf-st-title\" >\n                    bienvenidos                <\/h5>\n                                    <div class=\"decor\"><svg xmlns=\"http:\/\/www.w3.org\/2000\/svg\" width=\"41.125\" height=\"9.146\">\n                            <path fill=\"none\" stroke=\"#9C7C57\" stroke-miterlimit=\"10\" d=\"M40.881 8.576L20.562.591.244 8.576\"\/>\n                            <path fill=\"none\" stroke=\"#9C7C57\" stroke-miterlimit=\"10\" d=\"M40.881.591L20.562 8.576.243.591\"\/>\n                        <\/svg><\/div>\n                            <\/div>\n\t\t\t\t\t\t\t<\/div>\n<\/div>\t\t\t\t<\/div>\n\t\t\t\t<\/div>\n\t\t\t\t<div class=\"elementor-element elementor-element-c2adb2c elementor-widget-divider--view-line_text elementor-widget-divider--element-align-center elementor-widget elementor-widget-divider\" data-id=\"c2adb2c\" data-element_type=\"widget\" data-e-type=\"widget\" data-widget_type=\"divider.default\">\n\t\t\t\t<div class=\"elementor-widget-container\">\n\t\t\t\t\t\t\t<div class=\"elementor-divider\">\n\t\t\t<span class=\"elementor-divider-separator\">\n\t\t\t\t\t\t\t<p class=\"elementor-divider__text elementor-divider__element\">\n\t\t\t\tElige entre nuestros restaurantes y disfruta de la experiencia de la aut\u00e9ntica comida italiana. La pizza artesana en Valencia, pasta fresca en Valencia y cocina tradicional contempor\u00e1nea italiana en Valencia.\t\t\t\t<\/p>\n\t\t\t\t\t\t<\/span>\n\t\t<\/div>\n\t\t\t\t\t\t<\/div>\n\t\t\t\t<\/div>\n\t\t\t\t\t<\/div>\n\t\t<\/div>\n\t\t\t\t\t<\/div>\n\t\t<\/section>\n\t\t\t\t<section class=\"elementor-section elementor-top-section elementor-element elementor-element-1d711ea eltdf-elementor-row-grid-section elementor-section-full_width elementor-section-height-min-height elementor-section-height-default elementor-section-items-middle eltdf-parallax-row-no eltdf-content-aligment-left eltdf-disabled-bg-image-bellow-no\" data-id=\"1d711ea\" data-element_type=\"section\" data-e-type=\"section\">\n\t\t\t\t\t\t<div class=\"elementor-container elementor-column-gap-custom\">\n\t\t\t\t\t<div class=\"elementor-column elementor-col-50 elementor-top-column elementor-element elementor-element-b8928fd\" data-id=\"b8928fd\" data-element_type=\"column\" data-e-type=\"column\">\n\t\t\t<div class=\"elementor-widget-wrap elementor-element-populated\">\n\t\t\t\t\t\t<div class=\"elementor-element elementor-element-b8b35bb elementor-widget elementor-widget-image\" data-id=\"b8b35bb\" data-element_type=\"widget\" data-e-type=\"widget\" data-widget_type=\"image.default\">\n\t\t\t\t<div class=\"elementor-widget-container\">\n\t\t\t\t\t\t\t\t\t\t\t\t<figure class=\"wp-caption\">\n\t\t\t\t\t\t\t\t\t\t\t<a href=\"https:\/\/lapizza.es\/es\/la-pizza\/\">\n\t\t\t\t\t\t\t<img decoding=\"async\" src=\"https:\/\/lapizza.es\/wp-content\/uploads\/2023\/06\/La-Pizza-Espacio-00.jpg\" title=\"La Pizza &#8211; Espacio 00\" alt=\"La Pizza - Espacio 00\" loading=\"lazy\" \/>\t\t\t\t\t\t\t\t<\/a>\n\t\t\t\t\t\t\t\t\t\t\t<figcaption class=\"widget-image-caption wp-caption-text\">LA PIZZA<\/figcaption>\n\t\t\t\t\t\t\t\t\t\t<\/figure>\n\t\t\t\t\t\t\t\t\t<\/div>\n\t\t\t\t<\/div>\n\t\t\t\t\t<\/div>\n\t\t<\/div>\n\t\t\t\t<div class=\"elementor-column elementor-col-50 elementor-top-column elementor-element elementor-element-2ff29e1\" data-id=\"2ff29e1\" data-element_type=\"column\" data-e-type=\"column\">\n\t\t\t<div class=\"elementor-widget-wrap elementor-element-populated\">\n\t\t\t\t\t\t<div class=\"elementor-element elementor-element-28e9e7c elementor-widget__width-initial elementor-widget elementor-widget-image\" data-id=\"28e9e7c\" data-element_type=\"widget\" data-e-type=\"widget\" data-widget_type=\"image.default\">\n\t\t\t\t<div class=\"elementor-widget-container\">\n\t\t\t\t\t\t\t\t\t\t\t\t<figure class=\"wp-caption\">\n\t\t\t\t\t\t\t\t\t\t\t<a href=\"https:\/\/lefavole.es\/\">\n\t\t\t\t\t\t\t<img fetchpriority=\"high\" decoding=\"async\" width=\"1024\" height=\"683\" src=\"https:\/\/lapizza.es\/wp-content\/uploads\/2024\/04\/le-favole-restaurante-comida-italiana-valencia-09-1024x683.jpg\" class=\"attachment-large size-large wp-image-33197\" alt=\"\" srcset=\"https:\/\/lapizza.es\/wp-content\/uploads\/2024\/04\/le-favole-restaurante-comida-italiana-valencia-09-1024x683.jpg 1024w, https:\/\/lapizza.es\/wp-content\/uploads\/2024\/04\/le-favole-restaurante-comida-italiana-valencia-09-300x200.jpg 300w, https:\/\/lapizza.es\/wp-content\/uploads\/2024\/04\/le-favole-restaurante-comida-italiana-valencia-09-768x512.jpg 768w, https:\/\/lapizza.es\/wp-content\/uploads\/2024\/04\/le-favole-restaurante-comida-italiana-valencia-09-1536x1024.jpg 1536w, https:\/\/lapizza.es\/wp-content\/uploads\/2024\/04\/le-favole-restaurante-comida-italiana-valencia-09-18x12.jpg 18w, https:\/\/lapizza.es\/wp-content\/uploads\/2024\/04\/le-favole-restaurante-comida-italiana-valencia-09.jpg 1920w\" sizes=\"(max-width: 1024px) 100vw, 1024px\" \/>\t\t\t\t\t\t\t\t<\/a>\n\t\t\t\t\t\t\t\t\t\t\t<figcaption class=\"widget-image-caption wp-caption-text\">LE FAVOLE<\/figcaption>\n\t\t\t\t\t\t\t\t\t\t<\/figure>\n\t\t\t\t\t\t\t\t\t<\/div>\n\t\t\t\t<\/div>\n\t\t\t\t\t<\/div>\n\t\t<\/div>\n\t\t\t\t\t<\/div>\n\t\t<\/section>\n\t\t\t\t<section class=\"elementor-section elementor-top-section elementor-element elementor-element-763b4da eltdf-elementor-row-grid-section elementor-section-full_width elementor-section-height-min-height elementor-section-height-default elementor-section-items-middle eltdf-parallax-row-no eltdf-content-aligment-left eltdf-disabled-bg-image-bellow-no\" data-id=\"763b4da\" data-element_type=\"section\" data-e-type=\"section\">\n\t\t\t\t\t\t<div class=\"elementor-container elementor-column-gap-custom\">\n\t\t\t\t\t<div class=\"elementor-column elementor-col-50 elementor-top-column elementor-element elementor-element-d85973f\" data-id=\"d85973f\" data-element_type=\"column\" data-e-type=\"column\">\n\t\t\t<div class=\"elementor-widget-wrap elementor-element-populated\">\n\t\t\t\t\t\t<div class=\"elementor-element elementor-element-7e8f55d elementor-widget__width-initial elementor-widget elementor-widget-heading\" data-id=\"7e8f55d\" data-element_type=\"widget\" data-e-type=\"widget\" data-widget_type=\"heading.default\">\n\t\t\t\t<div class=\"elementor-widget-container\">\n\t\t\t\t\t<h2 class=\"elementor-heading-title elementor-size-default\"><h2 class=\"elementor-heading-title elementor-size-default elementor-inline-editing pen\" data-elementor-setting-key=\"title\" data-pen-placeholder=\"Teclea aqu\u00ed...\" style=\"font-size: 30px\">REgala experiencias<\/h2><\/h2>\t\t\t\t<\/div>\n\t\t\t\t<\/div>\n\t\t\t\t<div class=\"elementor-element elementor-element-61833ea elementor-widget elementor-widget-image\" data-id=\"61833ea\" data-element_type=\"widget\" data-e-type=\"widget\" data-widget_type=\"image.default\">\n\t\t\t\t<div class=\"elementor-widget-container\">\n\t\t\t\t\t\t\t\t\t\t\t\t\t\t\t<img decoding=\"async\" width=\"768\" height=\"1024\" src=\"https:\/\/lapizza.es\/wp-content\/uploads\/2024\/12\/WhatsApp-Image-2024-12-19-at-14.08.49-768x1024.jpeg\" class=\"attachment-large size-large wp-image-33305\" alt=\"\" srcset=\"https:\/\/lapizza.es\/wp-content\/uploads\/2024\/12\/WhatsApp-Image-2024-12-19-at-14.08.49-768x1024.jpeg 768w, https:\/\/lapizza.es\/wp-content\/uploads\/2024\/12\/WhatsApp-Image-2024-12-19-at-14.08.49-225x300.jpeg 225w, https:\/\/lapizza.es\/wp-content\/uploads\/2024\/12\/WhatsApp-Image-2024-12-19-at-14.08.49-1152x1536.jpeg 1152w, https:\/\/lapizza.es\/wp-content\/uploads\/2024\/12\/WhatsApp-Image-2024-12-19-at-14.08.49-9x12.jpeg 9w, https:\/\/lapizza.es\/wp-content\/uploads\/2024\/12\/WhatsApp-Image-2024-12-19-at-14.08.49.jpeg 1200w\" sizes=\"(max-width: 768px) 100vw, 768px\" \/>\t\t\t\t\t\t\t\t\t\t\t\t\t\t\t<\/div>\n\t\t\t\t<\/div>\n\t\t\t\t\t<\/div>\n\t\t<\/div>\n\t\t\t\t<div class=\"elementor-column elementor-col-50 elementor-top-column elementor-element elementor-element-3f9b0f1\" data-id=\"3f9b0f1\" data-element_type=\"column\" data-e-type=\"column\">\n\t\t\t<div class=\"elementor-widget-wrap elementor-element-populated\">\n\t\t\t\t\t\t<div class=\"elementor-element elementor-element-2687d69 elementor-widget elementor-widget-text-editor\" data-id=\"2687d69\" data-element_type=\"widget\" data-e-type=\"widget\" data-widget_type=\"text-editor.default\">\n\t\t\t\t<div class=\"elementor-widget-container\">\n\t\t\t\t\t\t\t\t\t<p>\u00bfNo sabes qu\u00e9 regalar? \u00a1Una tarjeta regalo es la opci\u00f3n perfecta! Es pr\u00e1ctica, f\u00e1cil de usar y permite que la persona tenga una esperi\u00e9ncia inolvidable. Ya sea para un cumplea\u00f1os, un aniversario o una ocasi\u00f3n especial, con nuestra tarjeta regalo, el detalle siempre es el adecuado.<\/p><p>Compra la tuya hoy mismo y regala una experiencia perfecta.<\/p><p><strong>\u00a1Haz que cada ocasi\u00f3n sea inolvidable!<\/strong><\/p>\t\t\t\t\t\t\t\t<\/div>\n\t\t\t\t<\/div>\n\t\t\t\t\t<\/div>\n\t\t<\/div>\n\t\t\t\t\t<\/div>\n\t\t<\/section>\n\t\t\t\t<section class=\"elementor-section elementor-top-section elementor-element elementor-element-0d84eb0 eltdf-elementor-row-grid-section elementor-section-full_width elementor-section-height-min-height elementor-section-height-default elementor-section-items-middle eltdf-parallax-row-no eltdf-content-aligment-left eltdf-disabled-bg-image-bellow-no\" data-id=\"0d84eb0\" data-element_type=\"section\" data-e-type=\"section\">\n\t\t\t\t\t\t<div class=\"elementor-container elementor-column-gap-custom\">\n\t\t\t\t\t<div class=\"elementor-column elementor-col-100 elementor-top-column elementor-element elementor-element-db09278\" data-id=\"db09278\" data-element_type=\"column\" data-e-type=\"column\">\n\t\t\t<div class=\"elementor-widget-wrap elementor-element-populated\">\n\t\t\t\t\t\t<div class=\"elementor-element elementor-element-d3e4ea4 elementor-widget elementor-widget-heading\" data-id=\"d3e4ea4\" data-element_type=\"widget\" data-e-type=\"widget\" data-widget_type=\"heading.default\">\n\t\t\t\t<div class=\"elementor-widget-container\">\n\t\t\t\t\t<h1 class=\"elementor-heading-title elementor-size-default\">La Pizza: Restaurante Italiano en Valencia<\/h1>\t\t\t\t<\/div>\n\t\t\t\t<\/div>\n\t\t\t\t<div class=\"elementor-element elementor-element-bcaa044 elementor-widget__width-initial elementor-widget elementor-widget-text-editor\" data-id=\"bcaa044\" data-element_type=\"widget\" data-e-type=\"widget\" data-widget_type=\"text-editor.default\">\n\t\t\t\t<div class=\"elementor-widget-container\">\n\t\t\t\t\t\t\t\t\t<p><span style=\"background-color: #0b1315;\">Bienvenido a La Pizza, su destino ideal para disfrutar de aut\u00e9ntica\u00a0<\/span><span style=\"background-color: #0b1315; font-weight: bold;\">cocina tradicional contempor\u00e1nea italiana en Valencia<\/span><span style=\"background-color: #0b1315;\">. Situados en el coraz\u00f3n de la ciudad, ofrecemos una experiencia culinaria \u00fanica con nuestras especialidades italianas.<\/span><\/p>\t\t\t\t\t\t\t\t<\/div>\n\t\t\t\t<\/div>\n\t\t\t\t<div class=\"elementor-element elementor-element-41e3fbe elementor-widget elementor-widget-heading\" data-id=\"41e3fbe\" data-element_type=\"widget\" data-e-type=\"widget\" data-widget_type=\"heading.default\">\n\t\t\t\t<div class=\"elementor-widget-container\">\n\t\t\t\t\t<h2 class=\"elementor-heading-title elementor-size-default\">Nuestra Especialidad en Pizzas Artesanas<\/h2>\t\t\t\t<\/div>\n\t\t\t\t<\/div>\n\t\t\t\t<div class=\"elementor-element elementor-element-b552a3a elementor-widget__width-initial elementor-widget elementor-widget-text-editor\" data-id=\"b552a3a\" data-element_type=\"widget\" data-e-type=\"widget\" data-widget_type=\"text-editor.default\">\n\t\t\t\t<div class=\"elementor-widget-container\">\n\t\t\t\t\t\t\t\t\t<p><span style=\"background-color: #0b1315;\">Descubre nuestras\u00a0<\/span><span style=\"background-color: #0b1315; font-weight: bold;\">pizzas artesanas en Valencia<\/span><span style=\"background-color: #0b1315;\">, elaboradas con ingredientes frescos y de alta calidad. Cada pizza es una obra maestra que combina tradici\u00f3n y creatividad para satisfacer todos los paladares.<\/span><\/p>\t\t\t\t\t\t\t\t<\/div>\n\t\t\t\t<\/div>\n\t\t\t\t<div class=\"elementor-element elementor-element-d92f298 elementor-widget__width-initial elementor-widget elementor-widget-heading\" data-id=\"d92f298\" data-element_type=\"widget\" data-e-type=\"widget\" data-widget_type=\"heading.default\">\n\t\t\t\t<div class=\"elementor-widget-container\">\n\t\t\t\t\t<h2 class=\"elementor-heading-title elementor-size-default\">pasta fresca italiana<\/h2>\t\t\t\t<\/div>\n\t\t\t\t<\/div>\n\t\t\t\t<div class=\"elementor-element elementor-element-25d5191 elementor-widget__width-initial elementor-widget elementor-widget-text-editor\" data-id=\"25d5191\" data-element_type=\"widget\" data-e-type=\"widget\" data-widget_type=\"text-editor.default\">\n\t\t\t\t<div class=\"elementor-widget-container\">\n\t\t\t\t\t\t\t\t\t<p>En La Pizza, tambi\u00e9n nos especializamos en ofrecer\u00a0<b>pasta fresca en Valencia<\/b>. Desde espaguetis hasta fettuccine, todos nuestros platos de pasta son preparados al momento, asegurando una textura y sabor aut\u00e9nticos<\/p>\t\t\t\t\t\t\t\t<\/div>\n\t\t\t\t<\/div>\n\t\t\t\t<div class=\"elementor-element elementor-element-b4e4a5a elementor-widget__width-initial elementor-widget elementor-widget-heading\" data-id=\"b4e4a5a\" data-element_type=\"widget\" data-e-type=\"widget\" data-widget_type=\"heading.default\">\n\t\t\t\t<div class=\"elementor-widget-container\">\n\t\t\t\t\t<h2 class=\"elementor-heading-title elementor-size-default\">aut\u00e9ntica comida italiana<\/h2>\t\t\t\t<\/div>\n\t\t\t\t<\/div>\n\t\t\t\t<div class=\"elementor-element elementor-element-d452232 elementor-widget__width-initial elementor-widget elementor-widget-text-editor\" data-id=\"d452232\" data-element_type=\"widget\" data-e-type=\"widget\" data-widget_type=\"text-editor.default\">\n\t\t\t\t<div class=\"elementor-widget-container\">\n\t\t\t\t\t\t\t\t\t<p><span style=\"background-color: #0b1315;\">Explore nuestra carta que incluye desde\u00a0<\/span><span style=\"background-color: #0b1315; font-weight: bold;\">focaccia artesana en Valencia<\/span><span style=\"background-color: #0b1315;\">\u00a0hasta deliciosos\u00a0<\/span><span style=\"background-color: #0b1315; font-weight: bold;\">postres italianos caseros en Valencia<\/span><span style=\"background-color: #0b1315;\">, perfectos para cerrar con broche de oro su experiencia culinaria en nuestro restaurante.<\/span><\/p>\t\t\t\t\t\t\t\t<\/div>\n\t\t\t\t<\/div>\n\t\t\t\t<div class=\"elementor-element elementor-element-deba498 elementor-widget__width-initial elementor-widget elementor-widget-heading\" data-id=\"deba498\" data-element_type=\"widget\" data-e-type=\"widget\" data-widget_type=\"heading.default\">\n\t\t\t\t<div class=\"elementor-widget-container\">\n\t\t\t\t\t<h2 class=\"elementor-heading-title elementor-size-default\">experiencia italiana completa<\/h2>\t\t\t\t<\/div>\n\t\t\t\t<\/div>\n\t\t\t\t<div class=\"elementor-element elementor-element-0b6c0dd elementor-widget__width-initial elementor-widget elementor-widget-text-editor\" data-id=\"0b6c0dd\" data-element_type=\"widget\" data-e-type=\"widget\" data-widget_type=\"text-editor.default\">\n\t\t\t\t<div class=\"elementor-widget-container\">\n\t\t\t\t\t\t\t\t\t<p style=\"background-color: #0b1315;\">No solo nuestra cocina es destacable, tambi\u00e9n ofrecemos una selecta carta de\u00a0<span style=\"font-weight: bold;\">vinos italianos y espa\u00f1oles en Valencia<\/span>, junto con\u00a0<span style=\"font-weight: bold;\">cocktails premium en Valencia<\/span>\u00a0que complementar\u00e1n a la perfecci\u00f3n sus platos.<\/p>\t\t\t\t\t\t\t\t<\/div>\n\t\t\t\t<\/div>\n\t\t\t\t<div class=\"elementor-element elementor-element-377e745 elementor-widget__width-initial elementor-widget elementor-widget-heading\" data-id=\"377e745\" data-element_type=\"widget\" data-e-type=\"widget\" data-widget_type=\"heading.default\">\n\t\t\t\t<div class=\"elementor-widget-container\">\n\t\t\t\t\t<h2 class=\"elementor-heading-title elementor-size-default\">vis\u00edtenos<\/h2>\t\t\t\t<\/div>\n\t\t\t\t<\/div>\n\t\t\t\t<div class=\"elementor-element elementor-element-83405ee elementor-widget elementor-widget-text-editor\" data-id=\"83405ee\" data-element_type=\"widget\" data-e-type=\"widget\" data-widget_type=\"text-editor.default\">\n\t\t\t\t<div class=\"elementor-widget-container\">\n\t\t\t\t\t\t\t\t\t<p style=\"background-color: #0b1315;\"><span style=\"background-color: rgb(11, 19, 21);\">Lo esperamos en Carrer d\u2019En San\u00e7, 3, 46001, Valencia, Espa\u00f1a. Para m\u00e1s informaci\u00f3n o reservas, cont\u00e1ctenos al +34 963 945 841 o env\u00ede un correo a&nbsp;<\/span><a href=\"mailto:info@lapizza.es\" style=\"background-color: rgb(11, 19, 21);\">info@lapizza.es<\/a><span style=\"background-color: rgb(11, 19, 21);\">.<\/span><\/p>\t\t\t\t\t\t\t\t<\/div>\n\t\t\t\t<\/div>\n\t\t\t\t\t<\/div>\n\t\t<\/div>\n\t\t\t\t\t<\/div>\n\t\t<\/section>\n\t\t\t\t<\/div>\n\t\t","protected":false},"excerpt":{"rendered":"<p>bienvenidos Elige entre nuestros restaurantes y disfruta de la experiencia de la aut\u00e9ntica comida italiana. La pizza artesana en Valencia, pasta fresca en Valencia y cocina tradicional contempor\u00e1nea italiana en Valencia. LA PIZZA LE FAVOLE REgala experiencias \u00bfNo sabes qu\u00e9 regalar? \u00a1Una tarjeta regalo es la opci\u00f3n perfecta! Es pr\u00e1ctica, f\u00e1cil de usar y permite que la persona tenga una [&hellip;]<\/p>\n","protected":false},"author":1,"featured_media":0,"parent":0,"menu_order":0,"comment_status":"closed","ping_status":"closed","template":"full-width.php","meta":{"footnotes":""},"class_list":["post-3839","page","type-page","status-publish","hentry"],"_links":{"self":[{"href":"https:\/\/lapizza.es\/es\/wp-json\/wp\/v2\/pages\/3839","targetHints":{"allow":["GET"]}}],"collection":[{"href":"https:\/\/lapizza.es\/es\/wp-json\/wp\/v2\/pages"}],"about":[{"href":"https:\/\/lapizza.es\/es\/wp-json\/wp\/v2\/types\/page"}],"author":[{"embeddable":true,"href":"https:\/\/lapizza.es\/es\/wp-json\/wp\/v2\/users\/1"}],"replies":[{"embeddable":true,"href":"https:\/\/lapizza.es\/es\/wp-json\/wp\/v2\/comments?post=3839"}],"version-history":[{"count":92,"href":"https:\/\/lapizza.es\/es\/wp-json\/wp\/v2\/pages\/3839\/revisions"}],"predecessor-version":[{"id":33600,"href":"https:\/\/lapizza.es\/es\/wp-json\/wp\/v2\/pages\/3839\/revisions\/33600"}],"wp:attachment":[{"href":"https:\/\/lapizza.es\/es\/wp-json\/wp\/v2\/media?parent=3839"}],"curies":[{"name":"wp","href":"https:\/\/api.w.org\/{rel}","templated":true}]}}